{"id":4503,"date":"2025-02-17T23:20:27","date_gmt":"2025-02-17T20:20:27","guid":{"rendered":"https:\/\/burgerbross.com.tr\/product\/xl-knuspriges-haehnchen-menue-4-personen\/"},"modified":"2025-02-17T23:20:27","modified_gmt":"2025-02-17T23:20:27","slug":"xl-knuspriges-haehnchen-menue-4-personen","status":"publish","type":"product","link":"https:\/\/burgerbross.com.tr\/de\/product\/xl-knuspriges-haehnchen-menue-4-personen\/","title":{"rendered":"XL Knuspriges H\u00e4hnchen Men\u00fc (4 Personen)"},"content":{"rendered":"<p>1 kg. Knuspriges H\u00e4hnchen + Gro\u00dfe Pommes Frites + 4 Saucen + Pepsi (1 L.)<\/p>\n","protected":false},"excerpt":{"rendered":"<p>1 kg. Knuspriges H\u00e4hnchen + Gro\u00dfe Pommes Frites + 4 Saucen + Pepsi (1 L.)<\/p>\n","protected":false},"featured_media":3976,"comment_status":"open","ping_status":"closed","template":"","meta":{"_acf_changed":false},"product_brand":[],"product_cat":[250,242],"product_tag":[],"class_list":{"0":"post-4503","1":"product","2":"type-product","3":"status-publish","4":"has-post-thumbnail","6":"product_cat-fix-menu-de","7":"product_cat-alle","9":"first","10":"instock","11":"taxable","12":"shipping-taxable","13":"purchasable","14":"product-type-simple"},"acf":[],"jetpack_sharing_enabled":true,"_links":{"self":[{"href":"https:\/\/burgerbross.com.tr\/de\/wp-json\/wp\/v2\/product\/4503","targetHints":{"allow":["GET"]}}],"collection":[{"href":"https:\/\/burgerbross.com.tr\/de\/wp-json\/wp\/v2\/product"}],"about":[{"href":"https:\/\/burgerbross.com.tr\/de\/wp-json\/wp\/v2\/types\/product"}],"replies":[{"embeddable":true,"href":"https:\/\/burgerbross.com.tr\/de\/wp-json\/wp\/v2\/comments?post=4503"}],"wp:featuredmedia":[{"embeddable":true,"href":"https:\/\/burgerbross.com.tr\/de\/wp-json\/wp\/v2\/media\/3976"}],"wp:attachment":[{"href":"https:\/\/burgerbross.com.tr\/de\/wp-json\/wp\/v2\/media?parent=4503"}],"wp:term":[{"taxonomy":"product_brand","embeddable":true,"href":"https:\/\/burgerbross.com.tr\/de\/wp-json\/wp\/v2\/product_brand?post=4503"},{"taxonomy":"product_cat","embeddable":true,"href":"https:\/\/burgerbross.com.tr\/de\/wp-json\/wp\/v2\/product_cat?post=4503"},{"taxonomy":"product_tag","embeddable":true,"href":"https:\/\/burgerbross.com.tr\/de\/wp-json\/wp\/v2\/product_tag?post=4503"}],"curies":[{"name":"wp","href":"https:\/\/api.w.org\/{rel}","templated":true}]}}