{"id":4555,"date":"2025-02-17T12:50:46","date_gmt":"2025-02-17T09:50:46","guid":{"rendered":"https:\/\/burgerbross.com.tr\/product\/bombastisches-menue\/"},"modified":"2025-02-17T12:50:46","modified_gmt":"2025-02-17T12:50:46","slug":"bombastisches-menue","status":"publish","type":"product","link":"https:\/\/burgerbross.com.tr\/de\/product\/bombastisches-menue\/","title":{"rendered":"Bombastisches Men\u00fc"},"content":{"rendered":"<p>1 Texas Burger + 1 Atom Burger + 1 Bros Anatolian Burger + Pommes Frites + 6 s\u00fc\u00dfe Churros + Pepsi (1 L.)<\/p>\n","protected":false},"excerpt":{"rendered":"<p>1 Texas Burger + 1 Atom Burger + 1 Bros Anatolian Burger + Pommes Frites + 6 s\u00fc\u00dfe Churros + Pepsi (1 L.)<\/p>\n","protected":false},"featured_media":3970,"comment_status":"open","ping_status":"closed","template":"","meta":{"_acf_changed":false},"product_brand":[],"product_cat":[250,242],"product_tag":[],"class_list":{"0":"post-4555","1":"product","2":"type-product","3":"status-publish","4":"has-post-thumbnail","6":"product_cat-fix-menu-de","7":"product_cat-alle","9":"first","10":"instock","11":"taxable","12":"shipping-taxable","13":"purchasable","14":"product-type-simple"},"acf":[],"jetpack_sharing_enabled":true,"_links":{"self":[{"href":"https:\/\/burgerbross.com.tr\/de\/wp-json\/wp\/v2\/product\/4555","targetHints":{"allow":["GET"]}}],"collection":[{"href":"https:\/\/burgerbross.com.tr\/de\/wp-json\/wp\/v2\/product"}],"about":[{"href":"https:\/\/burgerbross.com.tr\/de\/wp-json\/wp\/v2\/types\/product"}],"replies":[{"embeddable":true,"href":"https:\/\/burgerbross.com.tr\/de\/wp-json\/wp\/v2\/comments?post=4555"}],"wp:featuredmedia":[{"embeddable":true,"href":"https:\/\/burgerbross.com.tr\/de\/wp-json\/wp\/v2\/media\/3970"}],"wp:attachment":[{"href":"https:\/\/burgerbross.com.tr\/de\/wp-json\/wp\/v2\/media?parent=4555"}],"wp:term":[{"taxonomy":"product_brand","embeddable":true,"href":"https:\/\/burgerbross.com.tr\/de\/wp-json\/wp\/v2\/product_brand?post=4555"},{"taxonomy":"product_cat","embeddable":true,"href":"https:\/\/burgerbross.com.tr\/de\/wp-json\/wp\/v2\/product_cat?post=4555"},{"taxonomy":"product_tag","embeddable":true,"href":"https:\/\/burgerbross.com.tr\/de\/wp-json\/wp\/v2\/product_tag?post=4555"}],"curies":[{"name":"wp","href":"https:\/\/api.w.org\/{rel}","templated":true}]}}